{"id":14,"date":"2021-02-17T14:59:38","date_gmt":"2021-02-17T13:59:38","guid":{"rendered":"https:\/\/aktransport-paris.com\/?page_id=14"},"modified":"2025-09-09T02:10:45","modified_gmt":"2025-09-09T00:10:45","slug":"qui-sommes-nous","status":"publish","type":"page","link":"https:\/\/aktransport-paris.com\/en\/qui-sommes-nous\/","title":{"rendered":"About us"},"content":{"rendered":"<div data-elementor-type=\"wp-page\" data-elementor-id=\"14\" class=\"elementor elementor-14\" data-elementor-post-type=\"page\">\n\t\t\t\t\t\t<section class=\"elementor-section elementor-top-section elementor-element elementor-element-473639ba elementor-section-height-min-height elementor-section-boxed elementor-section-height-default elementor-section-items-middle\" data-id=\"473639ba\" data-element_type=\"section\" data-settings=\"{&quot;background_background&quot;:&quot;classic&quot;}\">\n\t\t\t\t\t\t\t<div class=\"elementor-background-overlay\"><\/div>\n\t\t\t\t\t\t\t<div class=\"elementor-container elementor-column-gap-default\">\n\t\t\t\t\t<div class=\"elementor-column elementor-col-100 elementor-top-column elementor-element elementor-element-fcd8f36\" data-id=\"fcd8f36\" data-element_type=\"column\">\n\t\t\t<div class=\"elementor-widget-wrap elementor-element-populated\">\n\t\t\t\t\t\t<div class=\"elementor-element elementor-element-86bb6b elementor-widget-divider--view-line elementor-widget elementor-widget-divider\" data-id=\"86bb6b\" data-element_type=\"widget\" data-widget_type=\"divider.default\">\n\t\t\t\t<div class=\"elementor-widget-container\">\n\t\t\t\t\t\t\t<div class=\"elementor-divider\">\n\t\t\t<span class=\"elementor-divider-separator\">\n\t\t\t\t\t\t<\/span>\n\t\t<\/div>\n\t\t\t\t\t\t<\/div>\n\t\t\t\t<\/div>\n\t\t\t\t<div class=\"elementor-element elementor-element-6550244c elementor-widget elementor-widget-heading\" data-id=\"6550244c\" data-element_type=\"widget\" data-widget_type=\"heading.default\">\n\t\t\t\t<div class=\"elementor-widget-container\">\n\t\t\t\t\t<h2 class=\"elementor-heading-title elementor-size-default\">About us<\/h2>\t\t\t\t<\/div>\n\t\t\t\t<\/div>\n\t\t\t\t<div class=\"elementor-element elementor-element-5f2ed5c0 elementor-widget-divider--view-line elementor-widget elementor-widget-divider\" data-id=\"5f2ed5c0\" data-element_type=\"widget\" data-widget_type=\"divider.default\">\n\t\t\t\t<div class=\"elementor-widget-container\">\n\t\t\t\t\t\t\t<div class=\"elementor-divider\">\n\t\t\t<span class=\"elementor-divider-separator\">\n\t\t\t\t\t\t<\/span>\n\t\t<\/div>\n\t\t\t\t\t\t<\/div>\n\t\t\t\t<\/div>\n\t\t\t\t\t<\/div>\n\t\t<\/div>\n\t\t\t\t\t<\/div>\n\t\t<\/section>\n\t\t\t\t<section class=\"elementor-section elementor-top-section elementor-element elementor-element-310a9315 elementor-section-boxed elementor-section-height-default elementor-section-height-default\" data-id=\"310a9315\" data-element_type=\"section\" data-settings=\"{&quot;background_background&quot;:&quot;classic&quot;}\">\n\t\t\t\t\t\t<div class=\"elementor-container elementor-column-gap-default\">\n\t\t\t\t\t<div class=\"elementor-column elementor-col-100 elementor-top-column elementor-element elementor-element-11deaa04\" data-id=\"11deaa04\" data-element_type=\"column\">\n\t\t\t<div class=\"elementor-widget-wrap elementor-element-populated\">\n\t\t\t\t\t\t<section class=\"elementor-section elementor-inner-section elementor-element elementor-element-74b798ca elementor-section-boxed elementor-section-height-default elementor-section-height-default\" data-id=\"74b798ca\" data-element_type=\"section\">\n\t\t\t\t\t\t<div class=\"elementor-container elementor-column-gap-default\">\n\t\t\t\t\t<div class=\"elementor-column elementor-col-25 elementor-inner-column elementor-element elementor-element-652b0ca3\" data-id=\"652b0ca3\" data-element_type=\"column\">\n\t\t\t<div class=\"elementor-widget-wrap elementor-element-populated\">\n\t\t\t\t\t\t<div class=\"elementor-element elementor-element-4465813a elementor-position-top elementor-widget elementor-widget-image-box\" data-id=\"4465813a\" data-element_type=\"widget\" data-widget_type=\"image-box.default\">\n\t\t\t\t<div class=\"elementor-widget-container\">\n\t\t\t\t\t<div class=\"elementor-image-box-wrapper\"><figure class=\"elementor-image-box-img\"><img decoding=\"async\" width=\"64\" height=\"64\" data-src=\"https:\/\/aktransport-paris.com\/wp-content\/uploads\/2021\/04\/icons8-checklist-64.png\" class=\"attachment-full size-full wp-image-303 lazyload\" alt=\"\" data-srcset=\"https:\/\/aktransport-paris.com\/wp-content\/uploads\/2021\/04\/icons8-checklist-64.png 64w, https:\/\/aktransport-paris.com\/wp-content\/uploads\/2021\/04\/icons8-checklist-64-12x12.png 12w\" data-sizes=\"(max-width: 64px) 100vw, 64px\" src=\"data:image\/gif;base64,R0lGODlhAQABAAAAACH5BAEKAAEALAAAAAABAAEAAAICTAEAOw==\" style=\"--smush-placeholder-width: 64px; --smush-placeholder-aspect-ratio: 64\/64;\" \/><\/figure><div class=\"elementor-image-box-content\"><h3 class=\"elementor-image-box-title\">Tailor-made services<\/h3><\/div><\/div>\t\t\t\t<\/div>\n\t\t\t\t<\/div>\n\t\t\t\t\t<\/div>\n\t\t<\/div>\n\t\t\t\t<div class=\"elementor-column elementor-col-25 elementor-inner-column elementor-element elementor-element-7a9a8f59\" data-id=\"7a9a8f59\" data-element_type=\"column\">\n\t\t\t<div class=\"elementor-widget-wrap elementor-element-populated\">\n\t\t\t\t\t\t<div class=\"elementor-element elementor-element-51be82d2 elementor-position-top elementor-widget elementor-widget-image-box\" data-id=\"51be82d2\" data-element_type=\"widget\" data-widget_type=\"image-box.default\">\n\t\t\t\t<div class=\"elementor-widget-container\">\n\t\t\t\t\t<div class=\"elementor-image-box-wrapper\"><figure class=\"elementor-image-box-img\"><img decoding=\"async\" width=\"64\" height=\"64\" data-src=\"https:\/\/aktransport-paris.com\/wp-content\/uploads\/2021\/04\/icons8-car-642.png\" class=\"attachment-full size-full wp-image-300 lazyload\" alt=\"\" data-srcset=\"https:\/\/aktransport-paris.com\/wp-content\/uploads\/2021\/04\/icons8-car-642.png 64w, https:\/\/aktransport-paris.com\/wp-content\/uploads\/2021\/04\/icons8-car-642-12x12.png 12w\" data-sizes=\"(max-width: 64px) 100vw, 64px\" src=\"data:image\/gif;base64,R0lGODlhAQABAAAAACH5BAEKAAEALAAAAAABAAEAAAICTAEAOw==\" style=\"--smush-placeholder-width: 64px; --smush-placeholder-aspect-ratio: 64\/64;\" \/><\/figure><div class=\"elementor-image-box-content\"><h3 class=\"elementor-image-box-title\">High-end private drivers Ile-de-France <\/h3><\/div><\/div>\t\t\t\t<\/div>\n\t\t\t\t<\/div>\n\t\t\t\t\t<\/div>\n\t\t<\/div>\n\t\t\t\t<div class=\"elementor-column elementor-col-25 elementor-inner-column elementor-element elementor-element-61ecffeb\" data-id=\"61ecffeb\" data-element_type=\"column\">\n\t\t\t<div class=\"elementor-widget-wrap elementor-element-populated\">\n\t\t\t\t\t\t<div class=\"elementor-element elementor-element-d440a9d elementor-position-top elementor-widget elementor-widget-image-box\" data-id=\"d440a9d\" data-element_type=\"widget\" data-widget_type=\"image-box.default\">\n\t\t\t\t<div class=\"elementor-widget-container\">\n\t\t\t\t\t<div class=\"elementor-image-box-wrapper\"><figure class=\"elementor-image-box-img\"><img decoding=\"async\" width=\"96\" height=\"96\" data-src=\"https:\/\/aktransport-paris.com\/wp-content\/uploads\/2021\/04\/icons8-food-service-96.png\" class=\"attachment-full size-full wp-image-639 lazyload\" alt=\"\" data-srcset=\"https:\/\/aktransport-paris.com\/wp-content\/uploads\/2021\/04\/icons8-food-service-96.png 96w, https:\/\/aktransport-paris.com\/wp-content\/uploads\/2021\/04\/icons8-food-service-96-12x12.png 12w\" data-sizes=\"(max-width: 96px) 100vw, 96px\" src=\"data:image\/gif;base64,R0lGODlhAQABAAAAACH5BAEKAAEALAAAAAABAAEAAAICTAEAOw==\" style=\"--smush-placeholder-width: 96px; --smush-placeholder-aspect-ratio: 96\/96;\" \/><\/figure><div class=\"elementor-image-box-content\"><h3 class=\"elementor-image-box-title\">Sense of service<\/h3><\/div><\/div>\t\t\t\t<\/div>\n\t\t\t\t<\/div>\n\t\t\t\t\t<\/div>\n\t\t<\/div>\n\t\t\t\t<div class=\"elementor-column elementor-col-25 elementor-inner-column elementor-element elementor-element-f74be1b\" data-id=\"f74be1b\" data-element_type=\"column\">\n\t\t\t<div class=\"elementor-widget-wrap elementor-element-populated\">\n\t\t\t\t\t\t<div class=\"elementor-element elementor-element-8d459bc elementor-position-top elementor-widget elementor-widget-image-box\" data-id=\"8d459bc\" data-element_type=\"widget\" data-widget_type=\"image-box.default\">\n\t\t\t\t<div class=\"elementor-widget-container\">\n\t\t\t\t\t<div class=\"elementor-image-box-wrapper\"><figure class=\"elementor-image-box-img\"><img decoding=\"async\" width=\"60\" height=\"60\" data-src=\"https:\/\/aktransport-paris.com\/wp-content\/uploads\/2021\/04\/icons8-silent-60.png\" class=\"attachment-full size-full wp-image-638 lazyload\" alt=\"\" data-srcset=\"https:\/\/aktransport-paris.com\/wp-content\/uploads\/2021\/04\/icons8-silent-60.png 60w, https:\/\/aktransport-paris.com\/wp-content\/uploads\/2021\/04\/icons8-silent-60-12x12.png 12w\" data-sizes=\"(max-width: 60px) 100vw, 60px\" src=\"data:image\/gif;base64,R0lGODlhAQABAAAAACH5BAEKAAEALAAAAAABAAEAAAICTAEAOw==\" style=\"--smush-placeholder-width: 60px; --smush-placeholder-aspect-ratio: 60\/60;\" \/><\/figure><div class=\"elementor-image-box-content\"><h3 class=\"elementor-image-box-title\">Discretion<\/h3><\/div><\/div>\t\t\t\t<\/div>\n\t\t\t\t<\/div>\n\t\t\t\t\t<\/div>\n\t\t<\/div>\n\t\t\t\t\t<\/div>\n\t\t<\/section>\n\t\t\t\t\t<\/div>\n\t\t<\/div>\n\t\t\t\t\t<\/div>\n\t\t<\/section>\n\t\t\t\t<section class=\"elementor-section elementor-top-section elementor-element elementor-element-35fd2ec8 elementor-section-boxed elementor-section-height-default elementor-section-height-default\" data-id=\"35fd2ec8\" data-element_type=\"section\">\n\t\t\t\t\t\t<div class=\"elementor-container elementor-column-gap-default\">\n\t\t\t\t\t<div class=\"elementor-column elementor-col-50 elementor-top-column elementor-element elementor-element-79f7ad56\" data-id=\"79f7ad56\" data-element_type=\"column\">\n\t\t\t<div class=\"elementor-widget-wrap elementor-element-populated\">\n\t\t\t\t\t\t<div class=\"elementor-element elementor-element-2385ba29 elementor-widget elementor-widget-image\" data-id=\"2385ba29\" data-element_type=\"widget\" data-widget_type=\"image.default\">\n\t\t\t\t<div class=\"elementor-widget-container\">\n\t\t\t\t\t\t\t\t\t\t\t\t\t\t\t<img decoding=\"async\" width=\"800\" height=\"427\" data-src=\"https:\/\/aktransport-paris.com\/wp-content\/uploads\/2021\/04\/cars-1024x547.jpg\" class=\"attachment-large size-large wp-image-307 lazyload\" alt=\"\" data-srcset=\"https:\/\/aktransport-paris.com\/wp-content\/uploads\/2021\/04\/cars-1024x547.jpg 1024w, https:\/\/aktransport-paris.com\/wp-content\/uploads\/2021\/04\/cars-600x320.jpg 600w, https:\/\/aktransport-paris.com\/wp-content\/uploads\/2021\/04\/cars-300x160.jpg 300w, https:\/\/aktransport-paris.com\/wp-content\/uploads\/2021\/04\/cars-768x410.jpg 768w, https:\/\/aktransport-paris.com\/wp-content\/uploads\/2021\/04\/cars-1536x820.jpg 1536w, https:\/\/aktransport-paris.com\/wp-content\/uploads\/2021\/04\/cars-16x9.jpg 16w, https:\/\/aktransport-paris.com\/wp-content\/uploads\/2021\/04\/cars-460x246.jpg 460w, https:\/\/aktransport-paris.com\/wp-content\/uploads\/2021\/04\/cars-800x427.jpg 800w, https:\/\/aktransport-paris.com\/wp-content\/uploads\/2021\/04\/cars.jpg 1547w\" data-sizes=\"(max-width: 800px) 100vw, 800px\" src=\"data:image\/gif;base64,R0lGODlhAQABAAAAACH5BAEKAAEALAAAAAABAAEAAAICTAEAOw==\" style=\"--smush-placeholder-width: 800px; --smush-placeholder-aspect-ratio: 800\/427;\" \/>\t\t\t\t\t\t\t\t\t\t\t\t\t\t\t<\/div>\n\t\t\t\t<\/div>\n\t\t\t\t\t<\/div>\n\t\t<\/div>\n\t\t\t\t<div class=\"elementor-column elementor-col-50 elementor-top-column elementor-element elementor-element-29061661\" data-id=\"29061661\" data-element_type=\"column\">\n\t\t\t<div class=\"elementor-widget-wrap elementor-element-populated\">\n\t\t\t\t\t\t<div class=\"elementor-element elementor-element-75c422d5 elementor-widget elementor-widget-text-editor\" data-id=\"75c422d5\" data-element_type=\"widget\" data-widget_type=\"text-editor.default\">\n\t\t\t\t<div class=\"elementor-widget-container\">\n\t\t\t\t\t\t\t\t\t<p data-start=\"124\" data-end=\"574\">Based in Paris and the \u00cele-de-France region, <strong data-start=\"159\" data-end=\"175\">AK TRANSPORT<\/strong> is a premium private chauffeur company.<br data-start=\"221\" data-end=\"224\" \/>Committed to offering each customer a unique experience, we provide a service of excellence: a fleet of luxury vehicles, experienced drivers and tailor-made support. Our services are available <strong data-start=\"446\" data-end=\"464\">24 hours a day, 7 days a week<\/strong>, day and night.<br data-start=\"488\" data-end=\"491\" \/>Professionalism, discretion and reliability are the values that define us.<\/p><p data-start=\"576\" data-end=\"978\"><strong data-start=\"576\" data-end=\"592\">AK TRANSPORT<\/strong> stands out for the quality and diversity of its services: airport and station transfers, chauffeur-driven vehicles, tourist excursions in France and Europe, VIP transport, support for prestigious events (fashion shows, international trade fairs, summits), seminars, roadshows, weddings, private parties and all other special occasions.<\/p>\t\t\t\t\t\t\t\t<\/div>\n\t\t\t\t<\/div>\n\t\t\t\t\t<\/div>\n\t\t<\/div>\n\t\t\t\t\t<\/div>\n\t\t<\/section>\n\t\t\t\t<section class=\"elementor-section elementor-top-section elementor-element elementor-element-4b499261 elementor-reverse-tablet elementor-reverse-mobile elementor-section-boxed elementor-section-height-default elementor-section-height-default\" data-id=\"4b499261\" data-element_type=\"section\">\n\t\t\t\t\t\t<div class=\"elementor-container elementor-column-gap-default\">\n\t\t\t\t\t<div class=\"elementor-column elementor-col-50 elementor-top-column elementor-element elementor-element-1c7d2b07\" data-id=\"1c7d2b07\" data-element_type=\"column\">\n\t\t\t<div class=\"elementor-widget-wrap elementor-element-populated\">\n\t\t\t\t\t\t<div class=\"elementor-element elementor-element-4519d74a elementor-widget elementor-widget-text-editor\" data-id=\"4519d74a\" data-element_type=\"widget\" data-widget_type=\"text-editor.default\">\n\t\t\t\t<div class=\"elementor-widget-container\">\n\t\t\t\t\t\t\t\t\t<p data-start=\"75\" data-end=\"337\">We serve a wide variety of clients: private individuals, business travellers, NGOs, politicians, and VIPs from the worlds of fashion, music and entertainment. This diversity is our greatest asset and our greatest strength.<\/p><p data-start=\"339\" data-end=\"480\"><strong data-start=\"339\" data-end=\"355\">AK TRANSPORT<\/strong>It also offers a comprehensive concierge service, designed to meet all your needs and enhance your travel experience.<\/p><p data-start=\"482\" data-end=\"788\">Our private drivers are transport professionals, rigorously selected and trained by us. Punctual, elegant and discreet, they know the area inside out and ensure a smooth journey. Multilingual, they adapt to each customer with the utmost attention.<\/p>\t\t\t\t\t\t\t\t<\/div>\n\t\t\t\t<\/div>\n\t\t\t\t\t<\/div>\n\t\t<\/div>\n\t\t\t\t<div class=\"elementor-column elementor-col-50 elementor-top-column elementor-element elementor-element-55963ce6\" data-id=\"55963ce6\" data-element_type=\"column\">\n\t\t\t<div class=\"elementor-widget-wrap elementor-element-populated\">\n\t\t\t\t\t\t<div class=\"elementor-element elementor-element-56ef5b4c elementor-widget elementor-widget-image\" data-id=\"56ef5b4c\" data-element_type=\"widget\" data-widget_type=\"image.default\">\n\t\t\t\t<div class=\"elementor-widget-container\">\n\t\t\t\t\t\t\t\t\t\t\t\t\t\t\t<img decoding=\"async\" width=\"800\" height=\"528\" data-src=\"https:\/\/aktransport-paris.com\/wp-content\/uploads\/2021\/04\/ccar-1024x676.jpg\" class=\"attachment-large size-large wp-image-309 lazyload\" alt=\"\" data-srcset=\"https:\/\/aktransport-paris.com\/wp-content\/uploads\/2021\/04\/ccar-1024x676.jpg 1024w, https:\/\/aktransport-paris.com\/wp-content\/uploads\/2021\/04\/ccar-600x396.jpg 600w, https:\/\/aktransport-paris.com\/wp-content\/uploads\/2021\/04\/ccar-300x198.jpg 300w, https:\/\/aktransport-paris.com\/wp-content\/uploads\/2021\/04\/ccar-768x507.jpg 768w, https:\/\/aktransport-paris.com\/wp-content\/uploads\/2021\/04\/ccar-16x12.jpg 16w, https:\/\/aktransport-paris.com\/wp-content\/uploads\/2021\/04\/ccar-460x304.jpg 460w, https:\/\/aktransport-paris.com\/wp-content\/uploads\/2021\/04\/ccar-800x528.jpg 800w, https:\/\/aktransport-paris.com\/wp-content\/uploads\/2021\/04\/ccar.jpg 1288w\" data-sizes=\"(max-width: 800px) 100vw, 800px\" src=\"data:image\/gif;base64,R0lGODlhAQABAAAAACH5BAEKAAEALAAAAAABAAEAAAICTAEAOw==\" style=\"--smush-placeholder-width: 800px; --smush-placeholder-aspect-ratio: 800\/528;\" \/>\t\t\t\t\t\t\t\t\t\t\t\t\t\t\t<\/div>\n\t\t\t\t<\/div>\n\t\t\t\t\t<\/div>\n\t\t<\/div>\n\t\t\t\t\t<\/div>\n\t\t<\/section>\n\t\t\t\t<section class=\"elementor-section elementor-top-section elementor-element elementor-element-6cc39c48 elementor-section-boxed elementor-section-height-default elementor-section-height-default\" data-id=\"6cc39c48\" data-element_type=\"section\">\n\t\t\t\t\t\t<div class=\"elementor-container elementor-column-gap-no\">\n\t\t\t\t\t<div class=\"elementor-column elementor-col-100 elementor-top-column elementor-element elementor-element-7323c8ae\" data-id=\"7323c8ae\" data-element_type=\"column\">\n\t\t\t<div class=\"elementor-widget-wrap elementor-element-populated\">\n\t\t\t\t\t\t<div class=\"elementor-element elementor-element-284e1667 elementor-widget-divider--view-line elementor-widget elementor-widget-divider\" data-id=\"284e1667\" data-element_type=\"widget\" data-widget_type=\"divider.default\">\n\t\t\t\t<div class=\"elementor-widget-container\">\n\t\t\t\t\t\t\t<div class=\"elementor-divider\">\n\t\t\t<span class=\"elementor-divider-separator\">\n\t\t\t\t\t\t<\/span>\n\t\t<\/div>\n\t\t\t\t\t\t<\/div>\n\t\t\t\t<\/div>\n\t\t\t\t\t<\/div>\n\t\t<\/div>\n\t\t\t\t\t<\/div>\n\t\t<\/section>\n\t\t\t\t<section class=\"elementor-section elementor-top-section elementor-element elementor-element-51f15db6 elementor-section-boxed elementor-section-height-default elementor-section-height-default\" data-id=\"51f15db6\" data-element_type=\"section\" data-settings=\"{&quot;background_background&quot;:&quot;classic&quot;}\">\n\t\t\t\t\t\t\t<div class=\"elementor-background-overlay\"><\/div>\n\t\t\t\t\t\t\t<div class=\"elementor-container elementor-column-gap-default\">\n\t\t\t\t\t<div class=\"elementor-column elementor-col-100 elementor-top-column elementor-element elementor-element-5f8bf46b\" data-id=\"5f8bf46b\" data-element_type=\"column\">\n\t\t\t<div class=\"elementor-widget-wrap elementor-element-populated\">\n\t\t\t\t\t\t<div class=\"elementor-element elementor-element-278600d7 elementor-widget elementor-widget-heading\" data-id=\"278600d7\" data-element_type=\"widget\" data-widget_type=\"heading.default\">\n\t\t\t\t<div class=\"elementor-widget-container\">\n\t\t\t\t\t<h2 class=\"elementor-heading-title elementor-size-default\">Try it !<\/h2>\t\t\t\t<\/div>\n\t\t\t\t<\/div>\n\t\t\t\t<div class=\"elementor-element elementor-element-687666b3 elementor-align-center elementor-mobile-align-center elementor-widget elementor-widget-button\" data-id=\"687666b3\" data-element_type=\"widget\" data-widget_type=\"button.default\">\n\t\t\t\t<div class=\"elementor-widget-container\">\n\t\t\t\t\t\t\t\t\t<div class=\"elementor-button-wrapper\">\n\t\t\t\t\t<a class=\"elementor-button elementor-button-link elementor-size-sm elementor-animation-grow\" href=\"https:\/\/aktransport-paris.com\/en\/reservation\/\">\n\t\t\t\t\t\t<span class=\"elementor-button-content-wrapper\">\n\t\t\t\t\t\t\t\t\t<span class=\"elementor-button-text\">Booking<\/span>\n\t\t\t\t\t<\/span>\n\t\t\t\t\t<\/a>\n\t\t\t\t<\/div>\n\t\t\t\t\t\t\t\t<\/div>\n\t\t\t\t<\/div>\n\t\t\t\t\t<\/div>\n\t\t<\/div>\n\t\t\t\t\t<\/div>\n\t\t<\/section>\n\t\t\t\t<\/div>","protected":false},"excerpt":{"rendered":"<p>Qui sommes-nous ? Prestations sur mesure Chauffeurs priv\u00e9s Ile-de-France haut de gamme Sens du service Discr\u00e9tion Bas\u00e9e \u00e0 Paris et en \u00cele-de-France, AK TRANSPORT est une soci\u00e9t\u00e9 de chauffeurs priv\u00e9s premium.Soucieux d\u2019offrir \u00e0 chaque client une exp\u00e9rience unique, nous proposons un service d\u2019excellence : une flotte de v\u00e9hicules de luxe, des chauffeurs exp\u00e9riment\u00e9s et un [&hellip;]<\/p>","protected":false},"author":4,"featured_media":0,"parent":0,"menu_order":0,"comment_status":"closed","ping_status":"closed","template":"elementor_header_footer","meta":{"_uag_custom_page_level_css":"","footnotes":""},"class_list":["post-14","page","type-page","status-publish","hentry"],"uagb_featured_image_src":{"full":false,"thumbnail":false,"medium":false,"medium_large":false,"large":false,"1536x1536":false,"2048x2048":false,"trp-custom-language-flag":false,"chbs_vehicle":false,"chbs_vehicle_2":false},"uagb_author_info":{"display_name":"Romain Modeste","author_link":"https:\/\/aktransport-paris.com\/en\/author\/add_romain\/"},"uagb_comment_info":0,"uagb_excerpt":"Qui sommes-nous ? Prestations sur mesure Chauffeurs priv\u00e9s Ile-de-France haut de gamme Sens du service Discr\u00e9tion Bas\u00e9e \u00e0 Paris et en \u00cele-de-France, AK TRANSPORT est une soci\u00e9t\u00e9 de chauffeurs priv\u00e9s premium.Soucieux d\u2019offrir \u00e0 chaque client une exp\u00e9rience unique, nous proposons un service d\u2019excellence : une flotte de v\u00e9hicules de luxe, des chauffeurs exp\u00e9riment\u00e9s et un&hellip;","_links":{"self":[{"href":"https:\/\/aktransport-paris.com\/en\/wp-json\/wp\/v2\/pages\/14","targetHints":{"allow":["GET"]}}],"collection":[{"href":"https:\/\/aktransport-paris.com\/en\/wp-json\/wp\/v2\/pages"}],"about":[{"href":"https:\/\/aktransport-paris.com\/en\/wp-json\/wp\/v2\/types\/page"}],"author":[{"embeddable":true,"href":"https:\/\/aktransport-paris.com\/en\/wp-json\/wp\/v2\/users\/4"}],"replies":[{"embeddable":true,"href":"https:\/\/aktransport-paris.com\/en\/wp-json\/wp\/v2\/comments?post=14"}],"version-history":[{"count":68,"href":"https:\/\/aktransport-paris.com\/en\/wp-json\/wp\/v2\/pages\/14\/revisions"}],"predecessor-version":[{"id":1089,"href":"https:\/\/aktransport-paris.com\/en\/wp-json\/wp\/v2\/pages\/14\/revisions\/1089"}],"wp:attachment":[{"href":"https:\/\/aktransport-paris.com\/en\/wp-json\/wp\/v2\/media?parent=14"}],"curies":[{"name":"wp","href":"https:\/\/api.w.org\/{rel}","templated":true}]}}