{"id":125,"date":"2021-03-10T09:58:06","date_gmt":"2021-03-10T08:58:06","guid":{"rendered":"https:\/\/aktransport-paris.com\/?page_id=125"},"modified":"2021-05-18T17:07:35","modified_gmt":"2021-05-18T15:07:35","slug":"mises-a-disposition","status":"publish","type":"page","link":"https:\/\/aktransport-paris.com\/en\/mises-a-disposition\/","title":{"rendered":"Driving services"},"content":{"rendered":"<div data-elementor-type=\"wp-page\" data-elementor-id=\"125\" class=\"elementor elementor-125\" data-elementor-post-type=\"page\">\n\t\t\t\t\t\t<section class=\"elementor-section elementor-top-section elementor-element elementor-element-3d7fe595 elementor-section-height-min-height elementor-section-boxed elementor-section-height-default elementor-section-items-middle\" data-id=\"3d7fe595\" data-element_type=\"section\" data-settings=\"{&quot;background_background&quot;:&quot;classic&quot;}\">\n\t\t\t\t\t\t\t<div class=\"elementor-background-overlay\"><\/div>\n\t\t\t\t\t\t\t<div class=\"elementor-container elementor-column-gap-default\">\n\t\t\t\t\t<div class=\"elementor-column elementor-col-100 elementor-top-column elementor-element elementor-element-3a2ad4d5\" data-id=\"3a2ad4d5\" data-element_type=\"column\">\n\t\t\t<div class=\"elementor-widget-wrap elementor-element-populated\">\n\t\t\t\t\t\t<div class=\"elementor-element elementor-element-47e02f1d elementor-widget-divider--view-line elementor-widget elementor-widget-divider\" data-id=\"47e02f1d\" data-element_type=\"widget\" data-widget_type=\"divider.default\">\n\t\t\t\t<div class=\"elementor-widget-container\">\n\t\t\t\t\t\t\t<div class=\"elementor-divider\">\n\t\t\t<span class=\"elementor-divider-separator\">\n\t\t\t\t\t\t<\/span>\n\t\t<\/div>\n\t\t\t\t\t\t<\/div>\n\t\t\t\t<\/div>\n\t\t\t\t<div class=\"elementor-element elementor-element-76d9e02c elementor-widget elementor-widget-heading\" data-id=\"76d9e02c\" data-element_type=\"widget\" data-widget_type=\"heading.default\">\n\t\t\t\t<div class=\"elementor-widget-container\">\n\t\t\t\t\t<h2 class=\"elementor-heading-title elementor-size-default\">Driving services<\/h2>\t\t\t\t<\/div>\n\t\t\t\t<\/div>\n\t\t\t\t<div class=\"elementor-element elementor-element-47479aec elementor-widget-divider--view-line elementor-widget elementor-widget-divider\" data-id=\"47479aec\" data-element_type=\"widget\" data-widget_type=\"divider.default\">\n\t\t\t\t<div class=\"elementor-widget-container\">\n\t\t\t\t\t\t\t<div class=\"elementor-divider\">\n\t\t\t<span class=\"elementor-divider-separator\">\n\t\t\t\t\t\t<\/span>\n\t\t<\/div>\n\t\t\t\t\t\t<\/div>\n\t\t\t\t<\/div>\n\t\t\t\t\t<\/div>\n\t\t<\/div>\n\t\t\t\t\t<\/div>\n\t\t<\/section>\n\t\t\t\t<section class=\"elementor-section elementor-top-section elementor-element elementor-element-4aaebdd0 elementor-section-boxed elementor-section-height-default elementor-section-height-default\" data-id=\"4aaebdd0\" data-element_type=\"section\" data-settings=\"{&quot;background_background&quot;:&quot;classic&quot;}\">\n\t\t\t\t\t\t<div class=\"elementor-container elementor-column-gap-default\">\n\t\t\t\t\t<div class=\"elementor-column elementor-col-100 elementor-top-column elementor-element elementor-element-1cdf099b\" data-id=\"1cdf099b\" data-element_type=\"column\">\n\t\t\t<div class=\"elementor-widget-wrap elementor-element-populated\">\n\t\t\t\t\t\t<section class=\"elementor-section elementor-inner-section elementor-element elementor-element-107eadd4 elementor-section-boxed elementor-section-height-default elementor-section-height-default\" data-id=\"107eadd4\" data-element_type=\"section\">\n\t\t\t\t\t\t<div class=\"elementor-container elementor-column-gap-default\">\n\t\t\t\t\t<div class=\"elementor-column elementor-col-33 elementor-inner-column elementor-element elementor-element-4a3fc019\" data-id=\"4a3fc019\" data-element_type=\"column\">\n\t\t\t<div class=\"elementor-widget-wrap elementor-element-populated\">\n\t\t\t\t\t\t<div class=\"elementor-element elementor-element-38aed26 elementor-position-top elementor-widget elementor-widget-image-box\" data-id=\"38aed26\" data-element_type=\"widget\" data-widget_type=\"image-box.default\">\n\t\t\t\t<div class=\"elementor-widget-container\">\n\t\t\t\t\t<div class=\"elementor-image-box-wrapper\"><figure class=\"elementor-image-box-img\"><img decoding=\"async\" width=\"64\" height=\"64\" data-src=\"https:\/\/aktransport-paris.com\/wp-content\/uploads\/2021\/04\/icons8-car-642.png\" class=\"attachment-full size-full wp-image-300 lazyload\" alt=\"\" data-srcset=\"https:\/\/aktransport-paris.com\/wp-content\/uploads\/2021\/04\/icons8-car-642.png 64w, https:\/\/aktransport-paris.com\/wp-content\/uploads\/2021\/04\/icons8-car-642-12x12.png 12w\" data-sizes=\"(max-width: 64px) 100vw, 64px\" src=\"data:image\/gif;base64,R0lGODlhAQABAAAAACH5BAEKAAEALAAAAAABAAEAAAICTAEAOw==\" style=\"--smush-placeholder-width: 64px; --smush-placeholder-aspect-ratio: 64\/64;\" \/><\/figure><div class=\"elementor-image-box-content\"><h3 class=\"elementor-image-box-title\">Dedicated private driver and luxury car<\/h3><\/div><\/div>\t\t\t\t<\/div>\n\t\t\t\t<\/div>\n\t\t\t\t\t<\/div>\n\t\t<\/div>\n\t\t\t\t<div class=\"elementor-column elementor-col-33 elementor-inner-column elementor-element elementor-element-7d9335e5\" data-id=\"7d9335e5\" data-element_type=\"column\">\n\t\t\t<div class=\"elementor-widget-wrap elementor-element-populated\">\n\t\t\t\t\t\t<div class=\"elementor-element elementor-element-16e86864 elementor-position-top elementor-widget elementor-widget-image-box\" data-id=\"16e86864\" data-element_type=\"widget\" data-widget_type=\"image-box.default\">\n\t\t\t\t<div class=\"elementor-widget-container\">\n\t\t\t\t\t<div class=\"elementor-image-box-wrapper\"><figure class=\"elementor-image-box-img\"><img decoding=\"async\" width=\"64\" height=\"64\" data-src=\"https:\/\/aktransport-paris.com\/wp-content\/uploads\/2021\/04\/icons8-calendar-plus-64.png\" class=\"attachment-full size-full wp-image-327 lazyload\" alt=\"\" data-srcset=\"https:\/\/aktransport-paris.com\/wp-content\/uploads\/2021\/04\/icons8-calendar-plus-64.png 64w, https:\/\/aktransport-paris.com\/wp-content\/uploads\/2021\/04\/icons8-calendar-plus-64-12x12.png 12w\" data-sizes=\"(max-width: 64px) 100vw, 64px\" src=\"data:image\/gif;base64,R0lGODlhAQABAAAAACH5BAEKAAEALAAAAAABAAEAAAICTAEAOw==\" style=\"--smush-placeholder-width: 64px; --smush-placeholder-aspect-ratio: 64\/64;\" \/><\/figure><div class=\"elementor-image-box-content\"><h3 class=\"elementor-image-box-title\">Rental for a few hours, a day or an evening<\/h3><\/div><\/div>\t\t\t\t<\/div>\n\t\t\t\t<\/div>\n\t\t\t\t\t<\/div>\n\t\t<\/div>\n\t\t\t\t<div class=\"elementor-column elementor-col-33 elementor-inner-column elementor-element elementor-element-34f2a9da\" data-id=\"34f2a9da\" data-element_type=\"column\">\n\t\t\t<div class=\"elementor-widget-wrap elementor-element-populated\">\n\t\t\t\t\t\t<div class=\"elementor-element elementor-element-1d322972 elementor-position-top elementor-widget elementor-widget-image-box\" data-id=\"1d322972\" data-element_type=\"widget\" data-widget_type=\"image-box.default\">\n\t\t\t\t<div class=\"elementor-widget-container\">\n\t\t\t\t\t<div class=\"elementor-image-box-wrapper\"><figure class=\"elementor-image-box-img\"><img decoding=\"async\" width=\"64\" height=\"64\" data-src=\"https:\/\/aktransport-paris.com\/wp-content\/uploads\/2021\/04\/icons8-clock-checked-64.png\" class=\"attachment-full size-full wp-image-326 lazyload\" alt=\"\" data-srcset=\"https:\/\/aktransport-paris.com\/wp-content\/uploads\/2021\/04\/icons8-clock-checked-64.png 64w, https:\/\/aktransport-paris.com\/wp-content\/uploads\/2021\/04\/icons8-clock-checked-64-12x12.png 12w\" data-sizes=\"(max-width: 64px) 100vw, 64px\" src=\"data:image\/gif;base64,R0lGODlhAQABAAAAACH5BAEKAAEALAAAAAABAAEAAAICTAEAOw==\" style=\"--smush-placeholder-width: 64px; --smush-placeholder-aspect-ratio: 64\/64;\" \/><\/figure><div class=\"elementor-image-box-content\"><h3 class=\"elementor-image-box-title\">Comfort of a respected schedule<\/h3><\/div><\/div>\t\t\t\t<\/div>\n\t\t\t\t<\/div>\n\t\t\t\t\t<\/div>\n\t\t<\/div>\n\t\t\t\t\t<\/div>\n\t\t<\/section>\n\t\t\t\t\t<\/div>\n\t\t<\/div>\n\t\t\t\t\t<\/div>\n\t\t<\/section>\n\t\t\t\t<section class=\"elementor-section elementor-top-section elementor-element elementor-element-44f39175 elementor-section-boxed elementor-section-height-default elementor-section-height-default\" data-id=\"44f39175\" data-element_type=\"section\">\n\t\t\t\t\t\t<div class=\"elementor-container elementor-column-gap-default\">\n\t\t\t\t\t<div class=\"elementor-column elementor-col-50 elementor-top-column elementor-element elementor-element-1bbc093b\" data-id=\"1bbc093b\" data-element_type=\"column\">\n\t\t\t<div class=\"elementor-widget-wrap elementor-element-populated\">\n\t\t\t\t\t\t<div class=\"elementor-element elementor-element-8656f62 elementor-widget elementor-widget-image\" data-id=\"8656f62\" data-element_type=\"widget\" data-widget_type=\"image.default\">\n\t\t\t\t<div class=\"elementor-widget-container\">\n\t\t\t\t\t\t\t\t\t\t\t\t\t\t\t<img decoding=\"async\" width=\"800\" height=\"495\" data-src=\"https:\/\/aktransport-paris.com\/wp-content\/uploads\/2021\/04\/carrr-1024x633.jpg\" class=\"attachment-large size-large wp-image-323 lazyload\" alt=\"\" data-srcset=\"https:\/\/aktransport-paris.com\/wp-content\/uploads\/2021\/04\/carrr-1024x633.jpg 1024w, https:\/\/aktransport-paris.com\/wp-content\/uploads\/2021\/04\/carrr-600x371.jpg 600w, https:\/\/aktransport-paris.com\/wp-content\/uploads\/2021\/04\/carrr-300x185.jpg 300w, https:\/\/aktransport-paris.com\/wp-content\/uploads\/2021\/04\/carrr-768x475.jpg 768w, https:\/\/aktransport-paris.com\/wp-content\/uploads\/2021\/04\/carrr-16x10.jpg 16w, https:\/\/aktransport-paris.com\/wp-content\/uploads\/2021\/04\/carrr-460x284.jpg 460w, https:\/\/aktransport-paris.com\/wp-content\/uploads\/2021\/04\/carrr-800x494.jpg 800w, https:\/\/aktransport-paris.com\/wp-content\/uploads\/2021\/04\/carrr.jpg 1254w\" data-sizes=\"(max-width: 800px) 100vw, 800px\" src=\"data:image\/gif;base64,R0lGODlhAQABAAAAACH5BAEKAAEALAAAAAABAAEAAAICTAEAOw==\" style=\"--smush-placeholder-width: 800px; --smush-placeholder-aspect-ratio: 800\/495;\" \/>\t\t\t\t\t\t\t\t\t\t\t\t\t\t\t<\/div>\n\t\t\t\t<\/div>\n\t\t\t\t\t<\/div>\n\t\t<\/div>\n\t\t\t\t<div class=\"elementor-column elementor-col-50 elementor-top-column elementor-element elementor-element-31c1dda5\" data-id=\"31c1dda5\" data-element_type=\"column\">\n\t\t\t<div class=\"elementor-widget-wrap elementor-element-populated\">\n\t\t\t\t\t\t<div class=\"elementor-element elementor-element-4abc9089 elementor-widget elementor-widget-text-editor\" data-id=\"4abc9089\" data-element_type=\"widget\" data-widget_type=\"text-editor.default\">\n\t\t\t\t<div class=\"elementor-widget-container\">\n\t\t\t\t\t\t\t\t\t<p class=\"translation-block\">For your business meetings, a city tour of Paris (day or night), a shopping session in the capital or in Ile-de-France, DA PRIVE - CAR SERVICE provides you a dedicated driver with a luxury car for a tailor-made service.<\/p><p>A luxury car and a private driver are at your disposal and take you wherever you wish to go.<\/p><p>You avoid the stress of timing or finding another driver for each new destination. You offer yourself real comfort and travel with complete peace of mind.<\/p><p class=\"translation-block\">DA PRIVE - CAR SERVICE's drivers are experienced and know perfectly Paris and its region. For a few hours (3 hours minimum) or a whole day, they will guarantee you a moment out of time, far from bustle and stress. Very discreet, they will also be able to advise you on the best routes, the most beautiful places to discover, the small gourmet shops to treat yourself.<\/p>\t\t\t\t\t\t\t\t<\/div>\n\t\t\t\t<\/div>\n\t\t\t\t\t<\/div>\n\t\t<\/div>\n\t\t\t\t\t<\/div>\n\t\t<\/section>\n\t\t\t\t<section class=\"elementor-section elementor-top-section elementor-element elementor-element-39835d96 elementor-section-boxed elementor-section-height-default elementor-section-height-default\" data-id=\"39835d96\" data-element_type=\"section\">\n\t\t\t\t\t\t<div class=\"elementor-container elementor-column-gap-no\">\n\t\t\t\t\t<div class=\"elementor-column elementor-col-100 elementor-top-column elementor-element elementor-element-313fc7aa\" data-id=\"313fc7aa\" data-element_type=\"column\">\n\t\t\t<div class=\"elementor-widget-wrap elementor-element-populated\">\n\t\t\t\t\t\t<div class=\"elementor-element elementor-element-5f40630e elementor-widget-divider--view-line elementor-widget elementor-widget-divider\" data-id=\"5f40630e\" data-element_type=\"widget\" data-widget_type=\"divider.default\">\n\t\t\t\t<div class=\"elementor-widget-container\">\n\t\t\t\t\t\t\t<div class=\"elementor-divider\">\n\t\t\t<span class=\"elementor-divider-separator\">\n\t\t\t\t\t\t<\/span>\n\t\t<\/div>\n\t\t\t\t\t\t<\/div>\n\t\t\t\t<\/div>\n\t\t\t\t<div class=\"elementor-element elementor-element-3256cecf elementor-widget elementor-widget-heading\" data-id=\"3256cecf\" data-element_type=\"widget\" data-widget_type=\"heading.default\">\n\t\t\t\t<div class=\"elementor-widget-container\">\n\t\t\t\t\t<h2 class=\"elementor-heading-title elementor-size-default\">Testimonial<\/h2>\t\t\t\t<\/div>\n\t\t\t\t<\/div>\n\t\t\t\t<div class=\"elementor-element elementor-element-5a6e7168 elementor-testimonial--layout-image_above elementor-testimonial--skin-default elementor-testimonial--align-center elementor-arrows-yes elementor-pagination-type-bullets elementor-widget elementor-widget-testimonial-carousel\" data-id=\"5a6e7168\" data-element_type=\"widget\" data-settings=\"{&quot;space_between&quot;:{&quot;unit&quot;:&quot;px&quot;,&quot;size&quot;:22,&quot;sizes&quot;:[]},&quot;show_arrows&quot;:&quot;yes&quot;,&quot;pagination&quot;:&quot;bullets&quot;,&quot;speed&quot;:500,&quot;loop&quot;:&quot;yes&quot;,&quot;space_between_tablet&quot;:{&quot;unit&quot;:&quot;px&quot;,&quot;size&quot;:10,&quot;sizes&quot;:[]},&quot;space_between_mobile&quot;:{&quot;unit&quot;:&quot;px&quot;,&quot;size&quot;:10,&quot;sizes&quot;:[]}}\" data-widget_type=\"testimonial-carousel.default\">\n\t\t\t\t<div class=\"elementor-widget-container\">\n\t\t\t\t\t\t\t\t\t<div class=\"elementor-swiper\">\n\t\t\t\t\t<div class=\"elementor-main-swiper swiper\" role=\"region\" aria-roledescription=\"carousel\" aria-label=\"Diapositives\">\n\t\t\t\t<div class=\"swiper-wrapper\">\n\t\t\t\t\t\t\t\t\t\t\t<div class=\"swiper-slide\" role=\"group\" aria-roledescription=\"slide\">\n\t\t\t\t\t\t\t\t\t<div class=\"elementor-testimonial\">\n\t\t\t\t\t\t\t<div class=\"elementor-testimonial__content\">\n\t\t\t\t\t<div class=\"elementor-testimonial__text\">\n\t\t\t\t\t\t\"Tourists passing through Paris for a few days, we appreciated the quality of service of DA PRIVE car service. They were very attentive to our needs.\" - 01\/2020\t\t\t\t\t<\/div>\n\t\t\t\t\t<cite class=\"elementor-testimonial__cite\"><span class=\"elementor-testimonial__name\">Irena L.<\/span><\/cite>\t\t\t\t<\/div>\n\t\t\t\t\t\t<div class=\"elementor-testimonial__footer\">\n\t\t\t\t\t\t\t\t\t\t\t<\/div>\n\t\t<\/div>\n\t\t\t\t\t\t\t\t<\/div>\n\t\t\t\t\t\t\t\t\t<\/div>\n\t\t\t\t\t\t\t<\/div>\n\t\t\t\t<\/div>\n\t\t\t\t\t\t\t\t<\/div>\n\t\t\t\t<\/div>\n\t\t\t\t\t<\/div>\n\t\t<\/div>\n\t\t\t\t\t<\/div>\n\t\t<\/section>\n\t\t\t\t<section class=\"elementor-section elementor-top-section elementor-element elementor-element-60fd733b elementor-section-boxed elementor-section-height-default elementor-section-height-default\" data-id=\"60fd733b\" data-element_type=\"section\" data-settings=\"{&quot;background_background&quot;:&quot;classic&quot;}\">\n\t\t\t\t\t\t\t<div class=\"elementor-background-overlay\"><\/div>\n\t\t\t\t\t\t\t<div class=\"elementor-container elementor-column-gap-default\">\n\t\t\t\t\t<div class=\"elementor-column elementor-col-100 elementor-top-column elementor-element elementor-element-2de57937\" data-id=\"2de57937\" data-element_type=\"column\">\n\t\t\t<div class=\"elementor-widget-wrap elementor-element-populated\">\n\t\t\t\t\t\t<div class=\"elementor-element elementor-element-543ca111 elementor-widget elementor-widget-heading\" data-id=\"543ca111\" data-element_type=\"widget\" data-widget_type=\"heading.default\">\n\t\t\t\t<div class=\"elementor-widget-container\">\n\t\t\t\t\t<h2 class=\"elementor-heading-title elementor-size-default\">Try it !<\/h2>\t\t\t\t<\/div>\n\t\t\t\t<\/div>\n\t\t\t\t<div class=\"elementor-element elementor-element-7af7dd50 elementor-align-center elementor-widget elementor-widget-button\" data-id=\"7af7dd50\" data-element_type=\"widget\" data-widget_type=\"button.default\">\n\t\t\t\t<div class=\"elementor-widget-container\">\n\t\t\t\t\t\t\t\t\t<div class=\"elementor-button-wrapper\">\n\t\t\t\t\t<a class=\"elementor-button elementor-button-link elementor-size-sm\" href=\"https:\/\/aktransport-paris.com\/en\/reservation\/\">\n\t\t\t\t\t\t<span class=\"elementor-button-content-wrapper\">\n\t\t\t\t\t\t\t\t\t<span class=\"elementor-button-text\">Booking<\/span>\n\t\t\t\t\t<\/span>\n\t\t\t\t\t<\/a>\n\t\t\t\t<\/div>\n\t\t\t\t\t\t\t\t<\/div>\n\t\t\t\t<\/div>\n\t\t\t\t\t<\/div>\n\t\t<\/div>\n\t\t\t\t\t<\/div>\n\t\t<\/section>\n\t\t\t\t<\/div>","protected":false},"excerpt":{"rendered":"<p>Mises \u00e0 disposition Chauffeur priv\u00e9 et voiture de luxe d\u00e9di\u00e9s Location pour quelques heures, une journ\u00e9e ou pour une soir\u00e9e Confort d\u2019un planning respect\u00e9 Pour vos rendez-vous d\u2019affaires, une visite de Paris (de jour ou de nuit), une s\u00e9ance shopping dans la capitale ou en Ile-de-France, DA PRIVE \u2013 CAR SERVICE vous propose une voiture [&hellip;]<\/p>","protected":false},"author":4,"featured_media":0,"parent":0,"menu_order":0,"comment_status":"closed","ping_status":"closed","template":"elementor_header_footer","meta":{"_uag_custom_page_level_css":"","footnotes":""},"class_list":["post-125","page","type-page","status-publish","hentry"],"uagb_featured_image_src":{"full":false,"thumbnail":false,"medium":false,"medium_large":false,"large":false,"1536x1536":false,"2048x2048":false,"trp-custom-language-flag":false,"chbs_vehicle":false,"chbs_vehicle_2":false},"uagb_author_info":{"display_name":"Romain Modeste","author_link":"https:\/\/aktransport-paris.com\/en\/author\/add_romain\/"},"uagb_comment_info":0,"uagb_excerpt":"Mises \u00e0 disposition Chauffeur priv\u00e9 et voiture de luxe d\u00e9di\u00e9s Location pour quelques heures, une journ\u00e9e ou pour une soir\u00e9e Confort d\u2019un planning respect\u00e9 Pour vos rendez-vous d\u2019affaires, une visite de Paris (de jour ou de nuit), une s\u00e9ance shopping dans la capitale ou en Ile-de-France, DA PRIVE \u2013 CAR SERVICE vous propose une voiture&hellip;","_links":{"self":[{"href":"https:\/\/aktransport-paris.com\/en\/wp-json\/wp\/v2\/pages\/125","targetHints":{"allow":["GET"]}}],"collection":[{"href":"https:\/\/aktransport-paris.com\/en\/wp-json\/wp\/v2\/pages"}],"about":[{"href":"https:\/\/aktransport-paris.com\/en\/wp-json\/wp\/v2\/types\/page"}],"author":[{"embeddable":true,"href":"https:\/\/aktransport-paris.com\/en\/wp-json\/wp\/v2\/users\/4"}],"replies":[{"embeddable":true,"href":"https:\/\/aktransport-paris.com\/en\/wp-json\/wp\/v2\/comments?post=125"}],"version-history":[{"count":41,"href":"https:\/\/aktransport-paris.com\/en\/wp-json\/wp\/v2\/pages\/125\/revisions"}],"predecessor-version":[{"id":770,"href":"https:\/\/aktransport-paris.com\/en\/wp-json\/wp\/v2\/pages\/125\/revisions\/770"}],"wp:attachment":[{"href":"https:\/\/aktransport-paris.com\/en\/wp-json\/wp\/v2\/media?parent=125"}],"curies":[{"name":"wp","href":"https:\/\/api.w.org\/{rel}","templated":true}]}}